{"id":322,"date":"2018-03-09T15:57:16","date_gmt":"2018-03-09T15:57:16","guid":{"rendered":"http:\/\/test.dayandnighttransporte.at\/?page_id=322"},"modified":"2021-04-16T10:57:35","modified_gmt":"2021-04-16T10:57:35","slug":"ueber-uns","status":"publish","type":"page","link":"https:\/\/dayandnighttransporte.kodlogy.net\/index.php\/ueber-uns\/","title":{"rendered":"\u00dcber uns"},"content":{"rendered":"\t\t<div data-elementor-type=\"wp-page\" data-elementor-id=\"322\" class=\"elementor elementor-322\" data-elementor-settings=\"[]\">\n\t\t\t\t\t\t<div class=\"elementor-inner\">\n\t\t\t\t\t\t\t<div class=\"elementor-section-wrap\">\n\t\t\t\t\t\t\t<section class=\"elementor-section elementor-top-section elementor-element elementor-element-b4b4a85 elementor-section-boxed elementor-section-height-default elementor-section-height-default\" data-id=\"b4b4a85\" data-element_type=\"section\">\n\t\t\t\t\t\t<div class=\"elementor-container elementor-column-gap-extended\">\n\t\t\t\t\t\t\t<div class=\"elementor-row\">\n\t\t\t\t\t<div class=\"elementor-column elementor-col-100 elementor-top-column elementor-element elementor-element-057f854 sc_layouts_column_icons_position_left\" data-id=\"057f854\" data-element_type=\"column\">\n\t\t\t<div class=\"elementor-column-wrap elementor-element-populated\">\n\t\t\t\t\t\t\t<div class=\"elementor-widget-wrap\">\n\t\t\t\t\t\t<div class=\"elementor-element elementor-element-f023ad3 elementor-widget elementor-widget-spacer\" data-id=\"f023ad3\" data-element_type=\"widget\" data-widget_type=\"spacer.default\">\n\t\t\t\t<div class=\"elementor-widget-container\">\n\t\t\t\t\t<div class=\"elementor-spacer\">\n\t\t\t<div class=\"elementor-spacer-inner\"><\/div>\n\t\t<\/div>\n\t\t\t\t<\/div>\n\t\t\t\t<\/div>\n\t\t\t\t\t\t<\/div>\n\t\t\t\t\t<\/div>\n\t\t<\/div>\n\t\t\t\t\t\t\t\t<\/div>\n\t\t\t\t\t<\/div>\n\t\t<\/section>\n\t\t\t\t<section class=\"elementor-section elementor-top-section elementor-element elementor-element-b2b9b47 elementor-section-content-bottom elementor-section-boxed elementor-section-height-default elementor-section-height-default\" data-id=\"b2b9b47\" data-element_type=\"section\">\n\t\t\t\t\t\t<div class=\"elementor-container elementor-column-gap-no\">\n\t\t\t\t\t\t\t<div class=\"elementor-row\">\n\t\t\t\t\t<div class=\"elementor-column elementor-col-50 elementor-top-column elementor-element elementor-element-cc24397 sc_layouts_column_icons_position_left\" data-id=\"cc24397\" data-element_type=\"column\">\n\t\t\t<div class=\"elementor-column-wrap elementor-element-populated\">\n\t\t\t\t\t\t\t<div class=\"elementor-widget-wrap\">\n\t\t\t\t\t\t<div class=\"elementor-element elementor-element-4c85bf9 elementor-widget elementor-widget-trx_sc_title\" data-id=\"4c85bf9\" data-element_type=\"widget\" data-widget_type=\"trx_sc_title.default\">\n\t\t\t\t<div class=\"elementor-widget-container\">\n\t\t\t<div id=\"trx_sc_title_1159505606\"\n\t\tclass=\"sc_title color_style_default sc_title_default with_border\">\n<div class=\"sc_title_container  sc_align_none title_style_default with_border\">\n<h6 class=\"sc_item_subtitle sc_title_subtitle sc_align_none sc_item_title_style_default with_border\">St\u00e4rker und <br><\/h6><h2 class=\"sc_item_title sc_title_title sc_align_none sc_item_title_style_default with_border\">Zuverl\u00e4ssiger<\/h2><\/div>\n\n<\/div><!-- \/.sc_title -->\t\t<\/div>\n\t\t\t\t<\/div>\n\t\t\t\t<div class=\"elementor-element elementor-element-e2f9b4d elementor-widget elementor-widget-spacer\" data-id=\"e2f9b4d\" data-element_type=\"widget\" data-widget_type=\"spacer.default\">\n\t\t\t\t<div class=\"elementor-widget-container\">\n\t\t\t\t\t<div class=\"elementor-spacer\">\n\t\t\t<div class=\"elementor-spacer-inner\"><\/div>\n\t\t<\/div>\n\t\t\t\t<\/div>\n\t\t\t\t<\/div>\n\t\t\t\t<div class=\"elementor-element elementor-element-f05badc elementor-widget elementor-widget-text-editor\" data-id=\"f05badc\" data-element_type=\"widget\" data-widget_type=\"text-editor.default\">\n\t\t\t\t<div class=\"elementor-widget-container\">\n\t\t\t\t\t\t\t\t<div class=\"elementor-text-editor elementor-clearfix\">\n\t\t\t\t<p>Unsere Firma ist ein mittelst\u00e4ndiges Unternehmen, dass seit 1974 auf dem Gebiet der <strong>Express-Transporte<\/strong> und <strong>Kurierfahrten<\/strong> spezialisiert ist. Unsere Leistungspalette bietet Ihnen aber auch <strong>Klein-, G\u00fcter- und weltweite Transporte<\/strong> mit PKW\u2019s, Transportern und LKW\u2018s an. <br \/><br \/><strong>Qualit\u00e4t<\/strong> und <strong>Zuverl\u00e4ssigkeit<\/strong> steht bei uns f\u00fcr die <strong>Zufriedenheit unserer Kunden<\/strong> an erster Stelle. Unsere Disponenten und Fuhrunternehmer verf\u00fcgen \u00fcber langj\u00e4hrige Erfahrung f\u00fcr die Umsetzung der Transportanforderungen. Wir gehen stets individuell auf die W\u00fcnsche unserer Kunden ein. Dies ist nur einer der Servicevorteile, den unsere Kunden genie\u00dfen d\u00fcrfen. Unsere Fahrzeuge sind auf Wunsch <strong>rund um die Uhr<\/strong> f\u00fcr Sie im Einsatz, auch an <strong>Sonn- und Feiertagen.<\/strong><\/p>\t\t\t\t\t<\/div>\n\t\t\t\t\t\t<\/div>\n\t\t\t\t<\/div>\n\t\t\t\t<div class=\"elementor-element elementor-element-2b04751 elementor-widget elementor-widget-spacer\" data-id=\"2b04751\" data-element_type=\"widget\" data-widget_type=\"spacer.default\">\n\t\t\t\t<div class=\"elementor-widget-container\">\n\t\t\t\t\t<div class=\"elementor-spacer\">\n\t\t\t<div class=\"elementor-spacer-inner\"><\/div>\n\t\t<\/div>\n\t\t\t\t<\/div>\n\t\t\t\t<\/div>\n\t\t\t\t\t\t<\/div>\n\t\t\t\t\t<\/div>\n\t\t<\/div>\n\t\t\t\t<div class=\"elementor-column elementor-col-50 elementor-top-column elementor-element elementor-element-c44cd46 sc_layouts_column_icons_position_left\" data-id=\"c44cd46\" data-element_type=\"column\">\n\t\t\t<div class=\"elementor-column-wrap elementor-element-populated\">\n\t\t\t\t\t\t\t<div class=\"elementor-widget-wrap\">\n\t\t\t\t\t\t<div class=\"elementor-element elementor-element-9f209e7 elementor-widget elementor-widget-spacer\" data-id=\"9f209e7\" data-element_type=\"widget\" data-widget_type=\"spacer.default\">\n\t\t\t\t<div class=\"elementor-widget-container\">\n\t\t\t\t\t<div class=\"elementor-spacer\">\n\t\t\t<div class=\"elementor-spacer-inner\"><\/div>\n\t\t<\/div>\n\t\t\t\t<\/div>\n\t\t\t\t<\/div>\n\t\t\t\t<div class=\"elementor-element elementor-element-89ad01c elementor-widget elementor-widget-image\" data-id=\"89ad01c\" data-element_type=\"widget\" data-widget_type=\"image.default\">\n\t\t\t\t<div class=\"elementor-widget-container\">\n\t\t\t\t\t\t\t\t<div class=\"elementor-image\">\n\t\t\t\t\t\t\t\t\t\t\t\t<img loading=\"lazy\" decoding=\"async\" width=\"600\" height=\"400\" src=\"https:\/\/dayandnighttransporte.kodlogy.net\/wp-content\/uploads\/2021\/03\/UeBERUNS3.png\" class=\"attachment-full size-full\" alt=\"\" srcset=\"https:\/\/dayandnighttransporte.kodlogy.net\/wp-content\/uploads\/2021\/03\/UeBERUNS3.png 600w, https:\/\/dayandnighttransporte.kodlogy.net\/wp-content\/uploads\/2021\/03\/UeBERUNS3-300x200.png 300w, https:\/\/dayandnighttransporte.kodlogy.net\/wp-content\/uploads\/2021\/03\/UeBERUNS3-370x247.png 370w\" sizes=\"auto, (max-width: 600px) 100vw, 600px\" \/>\t\t\t\t\t\t\t\t\t\t\t\t\t\t<\/div>\n\t\t\t\t\t\t<\/div>\n\t\t\t\t<\/div>\n\t\t\t\t\t\t<\/div>\n\t\t\t\t\t<\/div>\n\t\t<\/div>\n\t\t\t\t\t\t\t\t<\/div>\n\t\t\t\t\t<\/div>\n\t\t<\/section>\n\t\t\t\t<section class=\"elementor-section elementor-top-section elementor-element elementor-element-e04ff58 elementor-section-boxed elementor-section-height-default elementor-section-height-default\" data-id=\"e04ff58\" data-element_type=\"section\">\n\t\t\t\t\t\t<div class=\"elementor-container elementor-column-gap-extended\">\n\t\t\t\t\t\t\t<div class=\"elementor-row\">\n\t\t\t\t\t<div class=\"elementor-column elementor-col-100 elementor-top-column elementor-element elementor-element-c098246 sc_layouts_column_icons_position_left\" data-id=\"c098246\" data-element_type=\"column\">\n\t\t\t<div class=\"elementor-column-wrap elementor-element-populated\">\n\t\t\t\t\t\t\t<div class=\"elementor-widget-wrap\">\n\t\t\t\t\t\t<div class=\"elementor-element elementor-element-ef499d6 elementor-widget elementor-widget-spacer\" data-id=\"ef499d6\" data-element_type=\"widget\" data-widget_type=\"spacer.default\">\n\t\t\t\t<div class=\"elementor-widget-container\">\n\t\t\t\t\t<div class=\"elementor-spacer\">\n\t\t\t<div class=\"elementor-spacer-inner\"><\/div>\n\t\t<\/div>\n\t\t\t\t<\/div>\n\t\t\t\t<\/div>\n\t\t\t\t\t\t<\/div>\n\t\t\t\t\t<\/div>\n\t\t<\/div>\n\t\t\t\t\t\t\t\t<\/div>\n\t\t\t\t\t<\/div>\n\t\t<\/section>\n\t\t\t\t\t\t<\/div>\n\t\t\t\t\t\t<\/div>\n\t\t\t\t\t<\/div>\n\t\t","protected":false},"excerpt":{"rendered":"<p>St\u00e4rker und Zuverl\u00e4ssiger Unsere Firma ist ein mittelst\u00e4ndiges Unternehmen, dass seit 1974 auf dem Gebiet der Express-Transporte und Kurierfahrten spezialisiert ist. Unsere Leistungspalette bietet Ihnen aber auch Klein-, G\u00fcter- und weltweite Transporte mit PKW\u2019s, Transportern und LKW\u2018s an.&hellip;<\/p>\n","protected":false},"author":1,"featured_media":0,"parent":0,"menu_order":0,"comment_status":"closed","ping_status":"closed","template":"","meta":{"footnotes":""},"class_list":["post-322","page","type-page","status-publish","hentry"],"yoast_head":"<!-- This site is optimized with the Yoast SEO plugin v19.2 - https:\/\/yoast.com\/wordpress\/plugins\/seo\/ -->\n<title>\u00dcber uns - Day and Night Transporte<\/title>\n<meta name=\"robots\" content=\"noindex, follow, max-snippet:-1, max-image-preview:large, max-video-preview:-1\" \/>\n<meta property=\"og:locale\" content=\"de_DE\" \/>\n<meta property=\"og:type\" content=\"article\" \/>\n<meta property=\"og:title\" content=\"\u00dcber uns - Day and Night Transporte\" \/>\n<meta property=\"og:description\" content=\"St\u00e4rker und Zuverl\u00e4ssiger Unsere Firma ist ein mittelst\u00e4ndiges Unternehmen, dass seit 1974 auf dem Gebiet der Express-Transporte und Kurierfahrten spezialisiert ist. Unsere Leistungspalette bietet Ihnen aber auch Klein-, G\u00fcter- und weltweite Transporte mit PKW\u2019s, Transportern und LKW\u2018s an.&hellip;\" \/>\n<meta property=\"og:url\" content=\"https:\/\/dayandnighttransporte.kodlogy.net\/index.php\/ueber-uns\/\" \/>\n<meta property=\"og:site_name\" content=\"Day and Night Transporte\" \/>\n<meta property=\"article:modified_time\" content=\"2021-04-16T10:57:35+00:00\" \/>\n<meta property=\"og:image\" content=\"https:\/\/dayandnighttransporte.kodlogy.net\/wp-content\/uploads\/2021\/03\/UeBERUNS3.png\" \/>\n<meta name=\"author\" content=\"admin\" \/>\n<meta name=\"twitter:card\" content=\"summary_large_image\" \/>\n<meta name=\"twitter:label1\" content=\"Gesch\u00e4tzte Lesezeit\" \/>\n\t<meta name=\"twitter:data1\" content=\"1\u00a0Minute\" \/>\n<script type=\"application\/ld+json\" class=\"yoast-schema-graph\">{\"@context\":\"https:\/\/schema.org\",\"@graph\":[{\"@type\":\"WebSite\",\"@id\":\"https:\/\/dayandnighttransporte.kodlogy.net\/#website\",\"url\":\"https:\/\/dayandnighttransporte.kodlogy.net\/\",\"name\":\"Day and Night Transporte\",\"description\":\"Ihr Professionelle Transport &amp; Botendienstpartner\",\"potentialAction\":[{\"@type\":\"SearchAction\",\"target\":{\"@type\":\"EntryPoint\",\"urlTemplate\":\"https:\/\/dayandnighttransporte.kodlogy.net\/?s={search_term_string}\"},\"query-input\":\"required name=search_term_string\"}],\"inLanguage\":\"de\"},{\"@type\":\"ImageObject\",\"inLanguage\":\"de\",\"@id\":\"https:\/\/dayandnighttransporte.kodlogy.net\/index.php\/ueber-uns\/#primaryimage\",\"url\":\"https:\/\/dayandnighttransporte.kodlogy.net\/wp-content\/uploads\/2021\/03\/UeBERUNS3.png\",\"contentUrl\":\"https:\/\/dayandnighttransporte.kodlogy.net\/wp-content\/uploads\/2021\/03\/UeBERUNS3.png\",\"width\":600,\"height\":400},{\"@type\":\"WebPage\",\"@id\":\"https:\/\/dayandnighttransporte.kodlogy.net\/index.php\/ueber-uns\/#webpage\",\"url\":\"https:\/\/dayandnighttransporte.kodlogy.net\/index.php\/ueber-uns\/\",\"name\":\"\u00dcber uns - Day and Night Transporte\",\"isPartOf\":{\"@id\":\"https:\/\/dayandnighttransporte.kodlogy.net\/#website\"},\"primaryImageOfPage\":{\"@id\":\"https:\/\/dayandnighttransporte.kodlogy.net\/index.php\/ueber-uns\/#primaryimage\"},\"datePublished\":\"2018-03-09T15:57:16+00:00\",\"dateModified\":\"2021-04-16T10:57:35+00:00\",\"breadcrumb\":{\"@id\":\"https:\/\/dayandnighttransporte.kodlogy.net\/index.php\/ueber-uns\/#breadcrumb\"},\"inLanguage\":\"de\",\"potentialAction\":[{\"@type\":\"ReadAction\",\"target\":[\"https:\/\/dayandnighttransporte.kodlogy.net\/index.php\/ueber-uns\/\"]}]},{\"@type\":\"BreadcrumbList\",\"@id\":\"https:\/\/dayandnighttransporte.kodlogy.net\/index.php\/ueber-uns\/#breadcrumb\",\"itemListElement\":[{\"@type\":\"ListItem\",\"position\":1,\"name\":\"Startseite\",\"item\":\"https:\/\/dayandnighttransporte.kodlogy.net\/\"},{\"@type\":\"ListItem\",\"position\":2,\"name\":\"\u00dcber uns\"}]}]}<\/script>\n<!-- \/ Yoast SEO plugin. -->","yoast_head_json":{"title":"\u00dcber uns - Day and Night Transporte","robots":{"index":"noindex","follow":"follow","max-snippet":"max-snippet:-1","max-image-preview":"max-image-preview:large","max-video-preview":"max-video-preview:-1"},"og_locale":"de_DE","og_type":"article","og_title":"\u00dcber uns - Day and Night Transporte","og_description":"St\u00e4rker und Zuverl\u00e4ssiger Unsere Firma ist ein mittelst\u00e4ndiges Unternehmen, dass seit 1974 auf dem Gebiet der Express-Transporte und Kurierfahrten spezialisiert ist. Unsere Leistungspalette bietet Ihnen aber auch Klein-, G\u00fcter- und weltweite Transporte mit PKW\u2019s, Transportern und LKW\u2018s an.&hellip;","og_url":"https:\/\/dayandnighttransporte.kodlogy.net\/index.php\/ueber-uns\/","og_site_name":"Day and Night Transporte","article_modified_time":"2021-04-16T10:57:35+00:00","og_image":[{"url":"https:\/\/dayandnighttransporte.kodlogy.net\/wp-content\/uploads\/2021\/03\/UeBERUNS3.png"}],"author":"admin","twitter_card":"summary_large_image","twitter_misc":{"Gesch\u00e4tzte Lesezeit":"1\u00a0Minute"},"schema":{"@context":"https:\/\/schema.org","@graph":[{"@type":"WebSite","@id":"https:\/\/dayandnighttransporte.kodlogy.net\/#website","url":"https:\/\/dayandnighttransporte.kodlogy.net\/","name":"Day and Night Transporte","description":"Ihr Professionelle Transport &amp; Botendienstpartner","potentialAction":[{"@type":"SearchAction","target":{"@type":"EntryPoint","urlTemplate":"https:\/\/dayandnighttransporte.kodlogy.net\/?s={search_term_string}"},"query-input":"required name=search_term_string"}],"inLanguage":"de"},{"@type":"ImageObject","inLanguage":"de","@id":"https:\/\/dayandnighttransporte.kodlogy.net\/index.php\/ueber-uns\/#primaryimage","url":"https:\/\/dayandnighttransporte.kodlogy.net\/wp-content\/uploads\/2021\/03\/UeBERUNS3.png","contentUrl":"https:\/\/dayandnighttransporte.kodlogy.net\/wp-content\/uploads\/2021\/03\/UeBERUNS3.png","width":600,"height":400},{"@type":"WebPage","@id":"https:\/\/dayandnighttransporte.kodlogy.net\/index.php\/ueber-uns\/#webpage","url":"https:\/\/dayandnighttransporte.kodlogy.net\/index.php\/ueber-uns\/","name":"\u00dcber uns - Day and Night Transporte","isPartOf":{"@id":"https:\/\/dayandnighttransporte.kodlogy.net\/#website"},"primaryImageOfPage":{"@id":"https:\/\/dayandnighttransporte.kodlogy.net\/index.php\/ueber-uns\/#primaryimage"},"datePublished":"2018-03-09T15:57:16+00:00","dateModified":"2021-04-16T10:57:35+00:00","breadcrumb":{"@id":"https:\/\/dayandnighttransporte.kodlogy.net\/index.php\/ueber-uns\/#breadcrumb"},"inLanguage":"de","potentialAction":[{"@type":"ReadAction","target":["https:\/\/dayandnighttransporte.kodlogy.net\/index.php\/ueber-uns\/"]}]},{"@type":"BreadcrumbList","@id":"https:\/\/dayandnighttransporte.kodlogy.net\/index.php\/ueber-uns\/#breadcrumb","itemListElement":[{"@type":"ListItem","position":1,"name":"Startseite","item":"https:\/\/dayandnighttransporte.kodlogy.net\/"},{"@type":"ListItem","position":2,"name":"\u00dcber uns"}]}]}},"_links":{"self":[{"href":"https:\/\/dayandnighttransporte.kodlogy.net\/index.php\/wp-json\/wp\/v2\/pages\/322","targetHints":{"allow":["GET"]}}],"collection":[{"href":"https:\/\/dayandnighttransporte.kodlogy.net\/index.php\/wp-json\/wp\/v2\/pages"}],"about":[{"href":"https:\/\/dayandnighttransporte.kodlogy.net\/index.php\/wp-json\/wp\/v2\/types\/page"}],"author":[{"embeddable":true,"href":"https:\/\/dayandnighttransporte.kodlogy.net\/index.php\/wp-json\/wp\/v2\/users\/1"}],"replies":[{"embeddable":true,"href":"https:\/\/dayandnighttransporte.kodlogy.net\/index.php\/wp-json\/wp\/v2\/comments?post=322"}],"version-history":[{"count":89,"href":"https:\/\/dayandnighttransporte.kodlogy.net\/index.php\/wp-json\/wp\/v2\/pages\/322\/revisions"}],"predecessor-version":[{"id":3244,"href":"https:\/\/dayandnighttransporte.kodlogy.net\/index.php\/wp-json\/wp\/v2\/pages\/322\/revisions\/3244"}],"wp:attachment":[{"href":"https:\/\/dayandnighttransporte.kodlogy.net\/index.php\/wp-json\/wp\/v2\/media?parent=322"}],"curies":[{"name":"wp","href":"https:\/\/api.w.org\/{rel}","templated":true}]}}