{"id":333,"date":"2018-03-09T16:22:02","date_gmt":"2018-03-09T16:22:02","guid":{"rendered":"http:\/\/test.dayandnighttransporte.at\/?page_id=333"},"modified":"2021-04-16T09:01:29","modified_gmt":"2021-04-16T09:01:29","slug":"flotten","status":"publish","type":"page","link":"https:\/\/dayandnighttransporte.kodlogy.net\/index.php\/flotten\/","title":{"rendered":"Flotten"},"content":{"rendered":"\t\t<div data-elementor-type=\"wp-post\" data-elementor-id=\"333\" class=\"elementor elementor-333\" data-elementor-settings=\"[]\">\n\t\t\t\t\t\t<div class=\"elementor-inner\">\n\t\t\t\t\t\t\t<div class=\"elementor-section-wrap\">\n\t\t\t\t\t\t\t<section class=\"elementor-section elementor-top-section elementor-element elementor-element-39a1b43 elementor-section-content-bottom elementor-section-boxed elementor-section-height-default elementor-section-height-default\" data-id=\"39a1b43\" data-element_type=\"section\">\n\t\t\t\t\t\t<div class=\"elementor-container elementor-column-gap-no\">\n\t\t\t\t\t\t\t<div class=\"elementor-row\">\n\t\t\t\t\t<div class=\"elementor-column elementor-col-50 elementor-top-column elementor-element elementor-element-ed6295b sc_layouts_column_icons_position_left\" data-id=\"ed6295b\" data-element_type=\"column\">\n\t\t\t<div class=\"elementor-column-wrap elementor-element-populated\">\n\t\t\t\t\t\t\t<div class=\"elementor-widget-wrap\">\n\t\t\t\t\t\t<div class=\"elementor-element elementor-element-11cd0f5 elementor-widget elementor-widget-image\" data-id=\"11cd0f5\" data-element_type=\"widget\" data-widget_type=\"image.default\">\n\t\t\t\t<div class=\"elementor-widget-container\">\n\t\t\t\t\t\t\t\t<div class=\"elementor-image\">\n\t\t\t\t\t\t\t\t\t\t\t\t<img loading=\"lazy\" decoding=\"async\" width=\"800\" height=\"500\" src=\"https:\/\/dayandnighttransporte.kodlogy.net\/wp-content\/uploads\/2021\/03\/11.png\" class=\"attachment-full size-full\" alt=\"\" srcset=\"https:\/\/dayandnighttransporte.kodlogy.net\/wp-content\/uploads\/2021\/03\/11.png 800w, https:\/\/dayandnighttransporte.kodlogy.net\/wp-content\/uploads\/2021\/03\/11-300x188.png 300w, https:\/\/dayandnighttransporte.kodlogy.net\/wp-content\/uploads\/2021\/03\/11-768x480.png 768w, https:\/\/dayandnighttransporte.kodlogy.net\/wp-content\/uploads\/2021\/03\/11-370x231.png 370w, https:\/\/dayandnighttransporte.kodlogy.net\/wp-content\/uploads\/2021\/03\/11-760x475.png 760w\" sizes=\"auto, (max-width: 800px) 100vw, 800px\" \/>\t\t\t\t\t\t\t\t\t\t\t\t\t\t<\/div>\n\t\t\t\t\t\t<\/div>\n\t\t\t\t<\/div>\n\t\t\t\t<div class=\"elementor-element elementor-element-ed55086 elementor-widget elementor-widget-spacer\" data-id=\"ed55086\" data-element_type=\"widget\" data-widget_type=\"spacer.default\">\n\t\t\t\t<div class=\"elementor-widget-container\">\n\t\t\t\t\t<div class=\"elementor-spacer\">\n\t\t\t<div class=\"elementor-spacer-inner\"><\/div>\n\t\t<\/div>\n\t\t\t\t<\/div>\n\t\t\t\t<\/div>\n\t\t\t\t<div class=\"elementor-element elementor-element-5d996ec elementor-widget elementor-widget-spacer\" data-id=\"5d996ec\" data-element_type=\"widget\" data-widget_type=\"spacer.default\">\n\t\t\t\t<div class=\"elementor-widget-container\">\n\t\t\t\t\t<div class=\"elementor-spacer\">\n\t\t\t<div class=\"elementor-spacer-inner\"><\/div>\n\t\t<\/div>\n\t\t\t\t<\/div>\n\t\t\t\t<\/div>\n\t\t\t\t\t\t<\/div>\n\t\t\t\t\t<\/div>\n\t\t<\/div>\n\t\t\t\t<div class=\"elementor-column elementor-col-50 elementor-top-column elementor-element elementor-element-c066987 sc_layouts_column_icons_position_left\" data-id=\"c066987\" data-element_type=\"column\">\n\t\t\t<div class=\"elementor-column-wrap elementor-element-populated\">\n\t\t\t\t\t\t\t<div class=\"elementor-widget-wrap\">\n\t\t\t\t\t\t<div class=\"elementor-element elementor-element-9818d4e elementor-widget elementor-widget-trx_sc_title\" data-id=\"9818d4e\" data-element_type=\"widget\" data-widget_type=\"trx_sc_title.default\">\n\t\t\t\t<div class=\"elementor-widget-container\">\n\t\t\t<div id=\"trx_sc_title_1282879252\"\n\t\tclass=\"sc_title color_style_default sc_title_default with_border\">\n<div class=\"sc_title_container  sc_align_none title_style_default with_border\">\n<h2 class=\"sc_item_title sc_title_title sc_align_none sc_item_title_style_default with_border\">Fuhrpark<\/h2><\/div>\n\n<\/div><!-- \/.sc_title -->\t\t<\/div>\n\t\t\t\t<\/div>\n\t\t\t\t<div class=\"elementor-element elementor-element-ada9187 elementor-widget elementor-widget-text-editor\" data-id=\"ada9187\" data-element_type=\"widget\" data-widget_type=\"text-editor.default\">\n\t\t\t\t<div class=\"elementor-widget-container\">\n\t\t\t\t\t\t\t\t<div class=\"elementor-text-editor elementor-clearfix\">\n\t\t\t\t<p>Unser Fuhrpark besteht vom neuwertigen PKW \u00fcber Transportern bis hin zu LKW\u2019s mit 12t Nutzlast. Damit erf\u00fcllen wir die europ\u00e4ische Sicherheits- und Umweltnorm.<\/p><p>\u00dcber unsere Kooperationspartner stehen uns zus\u00e4tzliche Fahrzeuge zur Verf\u00fcgung. Dadurch ist es uns m\u00f6glich, die Anforderungen unserer Kunden, preiswert und optimal zu erf\u00fcllen. Unsere Fahrzeuge sind mit GPS-Systemen ausgestattet, die uns eine laufende Kommunikation mit dem Betriebszentrum erm\u00f6glicht.<\/p><p>Gerne unterbreiten wir Ihnen zur Ihrer individuellen Transportanfragen vorab per Mail oder auch telefonisch konkrete Preisangebote. F\u00fcr R\u00fcckfragen stehen wir Ihnen jeder Zeit zur Verf\u00fcgung.<\/p>\t\t\t\t\t<\/div>\n\t\t\t\t\t\t<\/div>\n\t\t\t\t<\/div>\n\t\t\t\t<div class=\"elementor-element elementor-element-7d9c392 elementor-widget elementor-widget-spacer\" data-id=\"7d9c392\" data-element_type=\"widget\" data-widget_type=\"spacer.default\">\n\t\t\t\t<div class=\"elementor-widget-container\">\n\t\t\t\t\t<div class=\"elementor-spacer\">\n\t\t\t<div class=\"elementor-spacer-inner\"><\/div>\n\t\t<\/div>\n\t\t\t\t<\/div>\n\t\t\t\t<\/div>\n\t\t\t\t<div class=\"elementor-element elementor-element-8f66283 elementor-widget elementor-widget-spacer\" data-id=\"8f66283\" data-element_type=\"widget\" data-widget_type=\"spacer.default\">\n\t\t\t\t<div class=\"elementor-widget-container\">\n\t\t\t\t\t<div class=\"elementor-spacer\">\n\t\t\t<div class=\"elementor-spacer-inner\"><\/div>\n\t\t<\/div>\n\t\t\t\t<\/div>\n\t\t\t\t<\/div>\n\t\t\t\t\t\t<\/div>\n\t\t\t\t\t<\/div>\n\t\t<\/div>\n\t\t\t\t\t\t\t\t<\/div>\n\t\t\t\t\t<\/div>\n\t\t<\/section>\n\t\t\t\t<section class=\"elementor-section elementor-top-section elementor-element elementor-element-8c877a3 elementor-section-boxed elementor-section-height-default elementor-section-height-default\" data-id=\"8c877a3\" data-element_type=\"section\">\n\t\t\t\t\t\t<div class=\"elementor-container elementor-column-gap-extended\">\n\t\t\t\t\t\t\t<div class=\"elementor-row\">\n\t\t\t\t\t<div class=\"elementor-column elementor-col-100 elementor-top-column elementor-element elementor-element-9aa839f sc_layouts_column_icons_position_left\" data-id=\"9aa839f\" data-element_type=\"column\">\n\t\t\t<div class=\"elementor-column-wrap elementor-element-populated\">\n\t\t\t\t\t\t\t<div class=\"elementor-widget-wrap\">\n\t\t\t\t\t\t<div class=\"elementor-element elementor-element-f193cf0 elementor-widget elementor-widget-spacer\" data-id=\"f193cf0\" data-element_type=\"widget\" data-widget_type=\"spacer.default\">\n\t\t\t\t<div class=\"elementor-widget-container\">\n\t\t\t\t\t<div class=\"elementor-spacer\">\n\t\t\t<div class=\"elementor-spacer-inner\"><\/div>\n\t\t<\/div>\n\t\t\t\t<\/div>\n\t\t\t\t<\/div>\n\t\t\t\t\t\t<\/div>\n\t\t\t\t\t<\/div>\n\t\t<\/div>\n\t\t\t\t\t\t\t\t<\/div>\n\t\t\t\t\t<\/div>\n\t\t<\/section>\n\t\t\t\t<section class=\"elementor-section elementor-top-section elementor-element elementor-element-661ffaa7 elementor-section-stretched sc_bg_mask_8 elementor-section-boxed elementor-section-height-default elementor-section-height-default\" data-id=\"661ffaa7\" data-element_type=\"section\" data-settings=\"{&quot;stretch_section&quot;:&quot;section-stretched&quot;,&quot;background_background&quot;:&quot;classic&quot;}\">\n\t\t\t\t\t\t<div class=\"elementor-container elementor-column-gap-extended\">\n\t\t\t\t\t\t\t<div class=\"elementor-row\">\n\t\t\t\t\t<div class=\"elementor-column elementor-col-100 elementor-top-column elementor-element elementor-element-6f42e95 sc_layouts_column_icons_position_left\" data-id=\"6f42e95\" data-element_type=\"column\">\n\t\t\t<div class=\"elementor-column-wrap elementor-element-populated\">\n\t\t\t\t\t\t\t<div class=\"elementor-widget-wrap\">\n\t\t\t\t\t\t<div class=\"elementor-element elementor-element-e163c04 elementor-widget elementor-widget-image\" data-id=\"e163c04\" data-element_type=\"widget\" data-widget_type=\"image.default\">\n\t\t\t\t<div class=\"elementor-widget-container\">\n\t\t\t\t\t\t\t\t<div class=\"elementor-image\">\n\t\t\t\t\t\t\t\t\t\t\t\t<img loading=\"lazy\" decoding=\"async\" width=\"1000\" height=\"400\" src=\"https:\/\/dayandnighttransporte.kodlogy.net\/wp-content\/uploads\/2021\/03\/2.png\" class=\"attachment-full size-full\" alt=\"\" srcset=\"https:\/\/dayandnighttransporte.kodlogy.net\/wp-content\/uploads\/2021\/03\/2.png 1000w, https:\/\/dayandnighttransporte.kodlogy.net\/wp-content\/uploads\/2021\/03\/2-300x120.png 300w, https:\/\/dayandnighttransporte.kodlogy.net\/wp-content\/uploads\/2021\/03\/2-768x307.png 768w, https:\/\/dayandnighttransporte.kodlogy.net\/wp-content\/uploads\/2021\/03\/2-370x148.png 370w, https:\/\/dayandnighttransporte.kodlogy.net\/wp-content\/uploads\/2021\/03\/2-760x304.png 760w\" sizes=\"auto, (max-width: 1000px) 100vw, 1000px\" \/>\t\t\t\t\t\t\t\t\t\t\t\t\t\t<\/div>\n\t\t\t\t\t\t<\/div>\n\t\t\t\t<\/div>\n\t\t\t\t\t\t<\/div>\n\t\t\t\t\t<\/div>\n\t\t<\/div>\n\t\t\t\t\t\t\t\t<\/div>\n\t\t\t\t\t<\/div>\n\t\t<\/section>\n\t\t\t\t<section class=\"elementor-section elementor-top-section elementor-element elementor-element-1510af8 elementor-section-boxed elementor-section-height-default elementor-section-height-default\" data-id=\"1510af8\" data-element_type=\"section\">\n\t\t\t\t\t\t<div class=\"elementor-container elementor-column-gap-extended\">\n\t\t\t\t\t\t\t<div class=\"elementor-row\">\n\t\t\t\t\t<div class=\"elementor-column elementor-col-100 elementor-top-column elementor-element elementor-element-7701566 sc_layouts_column_icons_position_left\" data-id=\"7701566\" data-element_type=\"column\">\n\t\t\t<div class=\"elementor-column-wrap elementor-element-populated\">\n\t\t\t\t\t\t\t<div class=\"elementor-widget-wrap\">\n\t\t\t\t\t\t<div class=\"elementor-element elementor-element-bc5d09c elementor-widget elementor-widget-spacer\" data-id=\"bc5d09c\" data-element_type=\"widget\" data-widget_type=\"spacer.default\">\n\t\t\t\t<div class=\"elementor-widget-container\">\n\t\t\t\t\t<div class=\"elementor-spacer\">\n\t\t\t<div class=\"elementor-spacer-inner\"><\/div>\n\t\t<\/div>\n\t\t\t\t<\/div>\n\t\t\t\t<\/div>\n\t\t\t\t\t\t<\/div>\n\t\t\t\t\t<\/div>\n\t\t<\/div>\n\t\t\t\t\t\t\t\t<\/div>\n\t\t\t\t\t<\/div>\n\t\t<\/section>\n\t\t\t\t\t\t<\/div>\n\t\t\t\t\t\t<\/div>\n\t\t\t\t\t<\/div>\n\t\t","protected":false},"excerpt":{"rendered":"<p>Fuhrpark Unser Fuhrpark besteht vom neuwertigen PKW \u00fcber Transportern bis hin zu LKW\u2019s mit 12t Nutzlast. Damit erf\u00fcllen wir die europ\u00e4ische Sicherheits- und Umweltnorm. \u00dcber unsere Kooperationspartner stehen uns zus\u00e4tzliche Fahrzeuge zur Verf\u00fcgung. Dadurch ist es uns m\u00f6glich,&hellip;<\/p>\n","protected":false},"author":1,"featured_media":0,"parent":0,"menu_order":0,"comment_status":"closed","ping_status":"closed","template":"","meta":{"footnotes":""},"class_list":["post-333","page","type-page","status-publish","hentry"],"yoast_head":"<!-- This site is optimized with the Yoast SEO plugin v19.2 - https:\/\/yoast.com\/wordpress\/plugins\/seo\/ -->\n<title>Flotten - Day and Night Transporte<\/title>\n<meta name=\"robots\" content=\"noindex, follow, max-snippet:-1, max-image-preview:large, max-video-preview:-1\" \/>\n<meta property=\"og:locale\" content=\"de_DE\" \/>\n<meta property=\"og:type\" content=\"article\" \/>\n<meta property=\"og:title\" content=\"Flotten - Day and Night Transporte\" \/>\n<meta property=\"og:description\" content=\"Fuhrpark Unser Fuhrpark besteht vom neuwertigen PKW \u00fcber Transportern bis hin zu LKW\u2019s mit 12t Nutzlast. Damit erf\u00fcllen wir die europ\u00e4ische Sicherheits- und Umweltnorm. \u00dcber unsere Kooperationspartner stehen uns zus\u00e4tzliche Fahrzeuge zur Verf\u00fcgung. Dadurch ist es uns m\u00f6glich,&hellip;\" \/>\n<meta property=\"og:url\" content=\"https:\/\/dayandnighttransporte.kodlogy.net\/index.php\/flotten\/\" \/>\n<meta property=\"og:site_name\" content=\"Day and Night Transporte\" \/>\n<meta property=\"article:modified_time\" content=\"2021-04-16T09:01:29+00:00\" \/>\n<meta property=\"og:image\" content=\"https:\/\/dayandnighttransporte.kodlogy.net\/wp-content\/uploads\/2021\/03\/11.png\" \/>\n<meta name=\"author\" content=\"admin\" \/>\n<meta name=\"twitter:card\" content=\"summary_large_image\" \/>\n<meta name=\"twitter:label1\" content=\"Gesch\u00e4tzte Lesezeit\" \/>\n\t<meta name=\"twitter:data1\" content=\"1\u00a0Minute\" \/>\n<script type=\"application\/ld+json\" class=\"yoast-schema-graph\">{\"@context\":\"https:\/\/schema.org\",\"@graph\":[{\"@type\":\"WebSite\",\"@id\":\"https:\/\/dayandnighttransporte.kodlogy.net\/#website\",\"url\":\"https:\/\/dayandnighttransporte.kodlogy.net\/\",\"name\":\"Day and Night Transporte\",\"description\":\"Ihr Professionelle Transport &amp; Botendienstpartner\",\"potentialAction\":[{\"@type\":\"SearchAction\",\"target\":{\"@type\":\"EntryPoint\",\"urlTemplate\":\"https:\/\/dayandnighttransporte.kodlogy.net\/?s={search_term_string}\"},\"query-input\":\"required name=search_term_string\"}],\"inLanguage\":\"de\"},{\"@type\":\"ImageObject\",\"inLanguage\":\"de\",\"@id\":\"https:\/\/dayandnighttransporte.kodlogy.net\/index.php\/flotten\/#primaryimage\",\"url\":\"https:\/\/dayandnighttransporte.kodlogy.net\/wp-content\/uploads\/2021\/03\/11.png\",\"contentUrl\":\"https:\/\/dayandnighttransporte.kodlogy.net\/wp-content\/uploads\/2021\/03\/11.png\",\"width\":800,\"height\":500},{\"@type\":\"WebPage\",\"@id\":\"https:\/\/dayandnighttransporte.kodlogy.net\/index.php\/flotten\/#webpage\",\"url\":\"https:\/\/dayandnighttransporte.kodlogy.net\/index.php\/flotten\/\",\"name\":\"Flotten - Day and Night Transporte\",\"isPartOf\":{\"@id\":\"https:\/\/dayandnighttransporte.kodlogy.net\/#website\"},\"primaryImageOfPage\":{\"@id\":\"https:\/\/dayandnighttransporte.kodlogy.net\/index.php\/flotten\/#primaryimage\"},\"datePublished\":\"2018-03-09T16:22:02+00:00\",\"dateModified\":\"2021-04-16T09:01:29+00:00\",\"breadcrumb\":{\"@id\":\"https:\/\/dayandnighttransporte.kodlogy.net\/index.php\/flotten\/#breadcrumb\"},\"inLanguage\":\"de\",\"potentialAction\":[{\"@type\":\"ReadAction\",\"target\":[\"https:\/\/dayandnighttransporte.kodlogy.net\/index.php\/flotten\/\"]}]},{\"@type\":\"BreadcrumbList\",\"@id\":\"https:\/\/dayandnighttransporte.kodlogy.net\/index.php\/flotten\/#breadcrumb\",\"itemListElement\":[{\"@type\":\"ListItem\",\"position\":1,\"name\":\"Startseite\",\"item\":\"https:\/\/dayandnighttransporte.kodlogy.net\/\"},{\"@type\":\"ListItem\",\"position\":2,\"name\":\"Flotten\"}]}]}<\/script>\n<!-- \/ Yoast SEO plugin. -->","yoast_head_json":{"title":"Flotten - Day and Night Transporte","robots":{"index":"noindex","follow":"follow","max-snippet":"max-snippet:-1","max-image-preview":"max-image-preview:large","max-video-preview":"max-video-preview:-1"},"og_locale":"de_DE","og_type":"article","og_title":"Flotten - Day and Night Transporte","og_description":"Fuhrpark Unser Fuhrpark besteht vom neuwertigen PKW \u00fcber Transportern bis hin zu LKW\u2019s mit 12t Nutzlast. Damit erf\u00fcllen wir die europ\u00e4ische Sicherheits- und Umweltnorm. \u00dcber unsere Kooperationspartner stehen uns zus\u00e4tzliche Fahrzeuge zur Verf\u00fcgung. Dadurch ist es uns m\u00f6glich,&hellip;","og_url":"https:\/\/dayandnighttransporte.kodlogy.net\/index.php\/flotten\/","og_site_name":"Day and Night Transporte","article_modified_time":"2021-04-16T09:01:29+00:00","og_image":[{"url":"https:\/\/dayandnighttransporte.kodlogy.net\/wp-content\/uploads\/2021\/03\/11.png"}],"author":"admin","twitter_card":"summary_large_image","twitter_misc":{"Gesch\u00e4tzte Lesezeit":"1\u00a0Minute"},"schema":{"@context":"https:\/\/schema.org","@graph":[{"@type":"WebSite","@id":"https:\/\/dayandnighttransporte.kodlogy.net\/#website","url":"https:\/\/dayandnighttransporte.kodlogy.net\/","name":"Day and Night Transporte","description":"Ihr Professionelle Transport &amp; Botendienstpartner","potentialAction":[{"@type":"SearchAction","target":{"@type":"EntryPoint","urlTemplate":"https:\/\/dayandnighttransporte.kodlogy.net\/?s={search_term_string}"},"query-input":"required name=search_term_string"}],"inLanguage":"de"},{"@type":"ImageObject","inLanguage":"de","@id":"https:\/\/dayandnighttransporte.kodlogy.net\/index.php\/flotten\/#primaryimage","url":"https:\/\/dayandnighttransporte.kodlogy.net\/wp-content\/uploads\/2021\/03\/11.png","contentUrl":"https:\/\/dayandnighttransporte.kodlogy.net\/wp-content\/uploads\/2021\/03\/11.png","width":800,"height":500},{"@type":"WebPage","@id":"https:\/\/dayandnighttransporte.kodlogy.net\/index.php\/flotten\/#webpage","url":"https:\/\/dayandnighttransporte.kodlogy.net\/index.php\/flotten\/","name":"Flotten - Day and Night Transporte","isPartOf":{"@id":"https:\/\/dayandnighttransporte.kodlogy.net\/#website"},"primaryImageOfPage":{"@id":"https:\/\/dayandnighttransporte.kodlogy.net\/index.php\/flotten\/#primaryimage"},"datePublished":"2018-03-09T16:22:02+00:00","dateModified":"2021-04-16T09:01:29+00:00","breadcrumb":{"@id":"https:\/\/dayandnighttransporte.kodlogy.net\/index.php\/flotten\/#breadcrumb"},"inLanguage":"de","potentialAction":[{"@type":"ReadAction","target":["https:\/\/dayandnighttransporte.kodlogy.net\/index.php\/flotten\/"]}]},{"@type":"BreadcrumbList","@id":"https:\/\/dayandnighttransporte.kodlogy.net\/index.php\/flotten\/#breadcrumb","itemListElement":[{"@type":"ListItem","position":1,"name":"Startseite","item":"https:\/\/dayandnighttransporte.kodlogy.net\/"},{"@type":"ListItem","position":2,"name":"Flotten"}]}]}},"_links":{"self":[{"href":"https:\/\/dayandnighttransporte.kodlogy.net\/index.php\/wp-json\/wp\/v2\/pages\/333","targetHints":{"allow":["GET"]}}],"collection":[{"href":"https:\/\/dayandnighttransporte.kodlogy.net\/index.php\/wp-json\/wp\/v2\/pages"}],"about":[{"href":"https:\/\/dayandnighttransporte.kodlogy.net\/index.php\/wp-json\/wp\/v2\/types\/page"}],"author":[{"embeddable":true,"href":"https:\/\/dayandnighttransporte.kodlogy.net\/index.php\/wp-json\/wp\/v2\/users\/1"}],"replies":[{"embeddable":true,"href":"https:\/\/dayandnighttransporte.kodlogy.net\/index.php\/wp-json\/wp\/v2\/comments?post=333"}],"version-history":[{"count":70,"href":"https:\/\/dayandnighttransporte.kodlogy.net\/index.php\/wp-json\/wp\/v2\/pages\/333\/revisions"}],"predecessor-version":[{"id":3128,"href":"https:\/\/dayandnighttransporte.kodlogy.net\/index.php\/wp-json\/wp\/v2\/pages\/333\/revisions\/3128"}],"wp:attachment":[{"href":"https:\/\/dayandnighttransporte.kodlogy.net\/index.php\/wp-json\/wp\/v2\/media?parent=333"}],"curies":[{"name":"wp","href":"https:\/\/api.w.org\/{rel}","templated":true}]}}